{"id":1107,"date":"2025-01-28T16:45:43","date_gmt":"2025-01-28T15:45:43","guid":{"rendered":"https:\/\/vecchiacantinadimontepulciano.com\/contactos\/"},"modified":"2025-04-02T09:37:48","modified_gmt":"2025-04-02T07:37:48","slug":"contactos","status":"publish","type":"page","link":"https:\/\/vecchiacantinadimontepulciano.com\/pt-pt\/contactos\/","title":{"rendered":"contactos"},"content":{"rendered":"<p>[et_pb_section fb_built=&#8221;1&#8243; _builder_version=&#8221;4.27.4&#8243; _module_preset=&#8221;default&#8221; background_image=&#8221;https:\/\/vecchiacantinadimontepulciano.com\/wp-content\/uploads\/2025\/02\/Header-Contatti-scaled-1.jpg&#8221; custom_padding=&#8221;170px||170px||true|false&#8221; background_last_edited=&#8221;on|phone&#8221; background_position_phone=&#8221;bottom_left&#8221; da_disable_devices=&#8221;off|off|off&#8221; locked=&#8221;off&#8221; global_colors_info=&#8221;{}&#8221; da_is_popup=&#8221;off&#8221; da_exit_intent=&#8221;off&#8221; da_has_close=&#8221;on&#8221; da_alt_close=&#8221;off&#8221; da_dark_close=&#8221;off&#8221; da_not_modal=&#8221;on&#8221; da_is_singular=&#8221;off&#8221; da_with_loader=&#8221;off&#8221; da_has_shadow=&#8221;on&#8221;][\/et_pb_section][et_pb_section fb_built=&#8221;1&#8243; custom_padding_last_edited=&#8221;on|phone&#8221; _builder_version=&#8221;4.27.4&#8243; _module_preset=&#8221;default&#8221; custom_padding=&#8221;100px||100px||true|false&#8221; custom_padding_tablet=&#8221;100px||100px||true|false&#8221; custom_padding_phone=&#8221;50px||50px||true|false&#8221; da_disable_devices=&#8221;off|off|off&#8221; locked=&#8221;off&#8221; global_colors_info=&#8221;{}&#8221; da_is_popup=&#8221;off&#8221; da_exit_intent=&#8221;off&#8221; da_has_close=&#8221;on&#8221; da_alt_close=&#8221;off&#8221; da_dark_close=&#8221;off&#8221; da_not_modal=&#8221;on&#8221; da_is_singular=&#8221;off&#8221; da_with_loader=&#8221;off&#8221; da_has_shadow=&#8221;on&#8221;][et_pb_row use_custom_gutter=&#8221;on&#8221; gutter_width=&#8221;4&#8243; make_equal=&#8221;on&#8221; _builder_version=&#8221;4.27.4&#8243; _module_preset=&#8221;default&#8221; width=&#8221;100%&#8221; max_width=&#8221;75%&#8221; custom_margin=&#8221;0px||0px||true|false&#8221; custom_padding=&#8221;0px||0px||true|false&#8221; global_colors_info=&#8221;{}&#8221;][et_pb_column type=&#8221;4_4&#8243; _builder_version=&#8221;4.27.4&#8243; _module_preset=&#8221;default&#8221; custom_css_main_element=&#8221;margin:auto;&#8221; global_colors_info=&#8221;{}&#8221;][et_pb_text _builder_version=&#8221;4.27.4&#8243; _module_preset=&#8221;default&#8221; text_font=&#8221;EB Garamond||||||||&#8221; text_font_size=&#8221;18px&#8221; header_2_font=&#8221;Cinzel||||||||&#8221; header_2_text_align=&#8221;center&#8221; header_2_font_size=&#8221;40px&#8221; header_2_letter_spacing=&#8221;3px&#8221; header_3_font=&#8221;||on||||||&#8221; header_3_text_color=&#8221;#c4a249&#8243; header_4_font=&#8221;EB Garamond||on||||||&#8221; header_4_text_color=&#8221;#c4a249&#8243; text_orientation=&#8221;center&#8221; header_2_font_size_tablet=&#8221;40px&#8221; header_2_font_size_phone=&#8221;28px&#8221; header_2_font_size_last_edited=&#8221;on|phone&#8221; global_colors_info=&#8221;{}&#8221;]<\/p>\n<h2>ONDE ESTAMOS<\/h2>\n<p><span style=\"font-weight: 400;\">A Vecchia Cantina di Montepulciano est\u00e1 situada entre as vinhas de Sangiovese. Facilmente acess\u00edvel de carro e a 2 km das portas do centro hist\u00f3rico da cidade. <\/span><\/p>\n<p>[\/et_pb_text][\/et_pb_column][\/et_pb_row][\/et_pb_section][et_pb_section fb_built=&#8221;1&#8243; custom_padding_last_edited=&#8221;on|phone&#8221; _builder_version=&#8221;4.27.4&#8243; _module_preset=&#8221;default&#8221; custom_padding=&#8221;0px||50px||false|false&#8221; custom_padding_tablet=&#8221;100px||100px||true|false&#8221; custom_padding_phone=&#8221;50px||50px||true|false&#8221; da_disable_devices=&#8221;off|off|off&#8221; locked=&#8221;off&#8221; global_colors_info=&#8221;{}&#8221; da_is_popup=&#8221;off&#8221; da_exit_intent=&#8221;off&#8221; da_has_close=&#8221;on&#8221; da_alt_close=&#8221;off&#8221; da_dark_close=&#8221;off&#8221; da_not_modal=&#8221;on&#8221; da_is_singular=&#8221;off&#8221; da_with_loader=&#8221;off&#8221; da_has_shadow=&#8221;on&#8221;][et_pb_row column_structure=&#8221;1_2,1_2&#8243; use_custom_gutter=&#8221;on&#8221; gutter_width=&#8221;4&#8243; make_equal=&#8221;on&#8221; _builder_version=&#8221;4.27.4&#8243; _module_preset=&#8221;default&#8221; width=&#8221;100%&#8221; max_width=&#8221;75%&#8221; custom_margin=&#8221;0px||0px||true|false&#8221; custom_padding=&#8221;5px||5px||true|false&#8221; global_colors_info=&#8221;{}&#8221;][et_pb_column type=&#8221;1_2&#8243; _builder_version=&#8221;4.27.4&#8243; _module_preset=&#8221;default&#8221; background_enable_image=&#8221;off&#8221; global_colors_info=&#8221;{}&#8221;][et_pb_code _builder_version=&#8221;4.27.4&#8243; _module_preset=&#8221;default&#8221; global_colors_info=&#8221;{}&#8221;]<\/p>\n<div style=\"height:500px; width:100%; display:inline-block; overflow:hidden; scrolling=\" no=\"\"><!-- [et_pb_line_break_holder] --><iframe loading=\"lazy\" style=\"position:relative; top:-55px; border:none;\" src=\"https:\/\/www.google.com\/maps\/d\/embed?mid=1xO40ejHm0ZV_q6cooN25c0NW_DLgfnba\" width=\"80%\" height=\"555\" frameborder=\"0\"><\/iframe><!-- [et_pb_line_break_holder] --><\/div>\n<p>[\/et_pb_code][\/et_pb_column][et_pb_column type=&#8221;1_2&#8243; _builder_version=&#8221;4.27.4&#8243; _module_preset=&#8221;default&#8221; custom_css_main_element=&#8221;margin:auto;&#8221; global_colors_info=&#8221;{}&#8221;][et_pb_text _builder_version=&#8221;4.27.4&#8243; _module_preset=&#8221;default&#8221; text_font=&#8221;EB Garamond||||||||&#8221; text_font_size=&#8221;18px&#8221; link_font=&#8221;||||on||||&#8221; link_text_color=&#8221;#C4A249&#8243; header_2_font=&#8221;Cinzel||||||||&#8221; header_2_font_size=&#8221;40px&#8221; header_2_letter_spacing=&#8221;3px&#8221; header_3_font=&#8221;||on||||||&#8221; header_3_text_color=&#8221;#c4a249&#8243; header_4_font=&#8221;EB Garamond||||||||&#8221; header_4_text_color=&#8221;#c4a249&#8243; header_4_font_size=&#8221;20px&#8221; header_2_font_size_tablet=&#8221;40px&#8221; header_2_font_size_phone=&#8221;28px&#8221; header_2_font_size_last_edited=&#8221;on|phone&#8221; global_colors_info=&#8221;{}&#8221;]<\/p>\n<h4>Montepulciano | Sede | Loja de vinhos<\/h4>\n<p><svg class=\"svg-inline--fa fa-location-dot\" aria-hidden=\"true\" focusable=\"false\" data-prefix=\"fas\" data-icon=\"location-dot\" role=\"img\" xmlns=\"http:\/\/www.w3.org\/2000\/svg\" viewbox=\"0 0 384 512\" data-fa-i2svg=\"\"><path fill=\"currentColor\" d=\"M168.3 499.2C116.1 435 0 279.4 0 192C0 85.96 85.96 0 192 0C298 0 384 85.96 384 192C384 279.4 267 435 215.7 499.2C203.4 514.5 180.6 514.5 168.3 499.2H168.3zM192 256C227.3 256 256 227.3 256 192C256 156.7 227.3 128 192 128C156.7 128 128 156.7 128 192C128 227.3 156.7 256 192 256z\"><\/path><\/svg><!-- <i class=\"fa-solid fa-location-dot\"><\/i> Font Awesome fontawesome.com --> Via Provinciale, 7<br \/><svg class=\"svg-inline--fa fa-phone\" aria-hidden=\"true\" focusable=\"false\" data-prefix=\"fas\" data-icon=\"phone\" role=\"img\" xmlns=\"http:\/\/www.w3.org\/2000\/svg\" viewbox=\"0 0 512 512\" data-fa-i2svg=\"\"><path fill=\"currentColor\" d=\"M511.2 387l-23.25 100.8c-3.266 14.25-15.79 24.22-30.46 24.22C205.2 512 0 306.8 0 54.5c0-14.66 9.969-27.2 24.22-30.45l100.8-23.25C139.7-2.602 154.7 5.018 160.8 18.92l46.52 108.5c5.438 12.78 1.77 27.67-8.98 36.45L144.5 207.1c33.98 69.22 90.26 125.5 159.5 159.5l44.08-53.8c8.688-10.78 23.69-14.51 36.47-8.975l108.5 46.51C506.1 357.2 514.6 372.4 511.2 387z\"><\/path><\/svg><!-- <i class=\"fa-solid fa-phone\"><\/i> Font Awesome fontawesome.com --> Tel.<span> <\/span><a href=\"tel:0578716092\">0578 716092 <\/a><br \/><svg class=\"svg-inline--fa fa-clock\" aria-hidden=\"true\" focusable=\"false\" data-prefix=\"fas\" data-icon=\"clock\" role=\"img\" xmlns=\"http:\/\/www.w3.org\/2000\/svg\" viewbox=\"0 0 512 512\" data-fa-i2svg=\"\"><path fill=\"currentColor\" d=\"M256 512C114.6 512 0 397.4 0 256C0 114.6 114.6 0 256 0C397.4 0 512 114.6 512 256C512 397.4 397.4 512 256 512zM232 256C232 264 236 271.5 242.7 275.1L338.7 339.1C349.7 347.3 364.6 344.3 371.1 333.3C379.3 322.3 376.3 307.4 365.3 300L280 243.2V120C280 106.7 269.3 96 255.1 96C242.7 96 231.1 106.7 231.1 120L232 256z\"><\/path><\/svg><!-- <i class=\"fa-solid fa-clock\"><\/i> Font Awesome fontawesome.com --> Segunda-feira a domingo 9:30 &#8211; 18:30<br \/>Encerrado: 25, 26 de dezembro, 1 de janeiro<\/p>\n<h4>Sinalunga (SI) | Wine Shop<\/h4>\n<p><svg class=\"svg-inline--fa fa-location-dot\" aria-hidden=\"true\" focusable=\"false\" data-prefix=\"fas\" data-icon=\"location-dot\" role=\"img\" xmlns=\"http:\/\/www.w3.org\/2000\/svg\" viewbox=\"0 0 384 512\" data-fa-i2svg=\"\"><path fill=\"currentColor\" d=\"M168.3 499.2C116.1 435 0 279.4 0 192C0 85.96 85.96 0 192 0C298 0 384 85.96 384 192C384 279.4 267 435 215.7 499.2C203.4 514.5 180.6 514.5 168.3 499.2H168.3zM192 256C227.3 256 256 227.3 256 192C256 156.7 227.3 128 192 128C156.7 128 128 156.7 128 192C128 227.3 156.7 256 192 256z\"><\/path><\/svg><!-- <i class=\"fa-solid fa-location-dot\"><\/i> Font Awesome fontawesome.com --> Via Sacco, 1<br \/><svg class=\"svg-inline--fa fa-phone\" aria-hidden=\"true\" focusable=\"false\" data-prefix=\"fas\" data-icon=\"phone\" role=\"img\" xmlns=\"http:\/\/www.w3.org\/2000\/svg\" viewbox=\"0 0 512 512\" data-fa-i2svg=\"\"><path fill=\"currentColor\" d=\"M511.2 387l-23.25 100.8c-3.266 14.25-15.79 24.22-30.46 24.22C205.2 512 0 306.8 0 54.5c0-14.66 9.969-27.2 24.22-30.45l100.8-23.25C139.7-2.602 154.7 5.018 160.8 18.92l46.52 108.5c5.438 12.78 1.77 27.67-8.98 36.45L144.5 207.1c33.98 69.22 90.26 125.5 159.5 159.5l44.08-53.8c8.688-10.78 23.69-14.51 36.47-8.975l108.5 46.51C506.1 357.2 514.6 372.4 511.2 387z\"><\/path><\/svg><!-- <i class=\"fa-solid fa-phone\"><\/i> Font Awesome fontawesome.com --> Tel.<span> <\/span><a href=\"tel:0577%20636195\">0577 636195<\/a><br \/><svg class=\"svg-inline--fa fa-clock\" aria-hidden=\"true\" focusable=\"false\" data-prefix=\"fas\" data-icon=\"clock\" role=\"img\" xmlns=\"http:\/\/www.w3.org\/2000\/svg\" viewbox=\"0 0 512 512\" data-fa-i2svg=\"\"><path fill=\"currentColor\" d=\"M256 512C114.6 512 0 397.4 0 256C0 114.6 114.6 0 256 0C397.4 0 512 114.6 512 256C512 397.4 397.4 512 256 512zM232 256C232 264 236 271.5 242.7 275.1L338.7 339.1C349.7 347.3 364.6 344.3 371.1 333.3C379.3 322.3 376.3 307.4 365.3 300L280 243.2V120C280 106.7 269.3 96 255.1 96C242.7 96 231.1 106.7 231.1 120L232 256z\"><\/path><\/svg><!-- <i class=\"fa-solid fa-clock\"><\/i> Font Awesome fontawesome.com --> Segunda-feira a s\u00e1bado 8.30 &#8211; 12.30 | 15.00 &#8211; 19.00<br \/>Encerrado: Domingo, 25, 26 de dezembro, 1 de janeiro<\/p>\n<p>[\/et_pb_text][\/et_pb_column][\/et_pb_row][\/et_pb_section][et_pb_section fb_built=&#8221;1&#8243; custom_padding_last_edited=&#8221;on|phone&#8221; _builder_version=&#8221;4.27.4&#8243; _module_preset=&#8221;default&#8221; custom_padding=&#8221;100px||100px||true|false&#8221; custom_padding_tablet=&#8221;100px||100px||true|false&#8221; custom_padding_phone=&#8221;50px||50px||true|false&#8221; da_disable_devices=&#8221;off|off|off&#8221; locked=&#8221;off&#8221; global_colors_info=&#8221;{}&#8221; da_is_popup=&#8221;off&#8221; da_exit_intent=&#8221;off&#8221; da_has_close=&#8221;on&#8221; da_alt_close=&#8221;off&#8221; da_dark_close=&#8221;off&#8221; da_not_modal=&#8221;on&#8221; da_is_singular=&#8221;off&#8221; da_with_loader=&#8221;off&#8221; da_has_shadow=&#8221;on&#8221;][et_pb_row use_custom_gutter=&#8221;on&#8221; gutter_width=&#8221;4&#8243; make_equal=&#8221;on&#8221; _builder_version=&#8221;4.27.4&#8243; _module_preset=&#8221;default&#8221; width=&#8221;100%&#8221; max_width=&#8221;75%&#8221; custom_margin=&#8221;0px||0px||true|false&#8221; custom_padding=&#8221;0px||0px||true|false&#8221; global_colors_info=&#8221;{}&#8221; column_structure=&#8221;2_3,1_3&#8243;][et_pb_column type=&#8221;2_3&#8243; _builder_version=&#8221;4.27.4&#8243; _module_preset=&#8221;default&#8221; custom_css_main_element=&#8221;margin:auto;&#8221; global_colors_info=&#8221;{}&#8221;][et_pb_text _builder_version=&#8221;4.27.4&#8243; _module_preset=&#8221;default&#8221; text_font=&#8221;EB Garamond||||||||&#8221; text_font_size=&#8221;18px&#8221; header_2_font=&#8221;Cinzel||||||||&#8221; header_2_text_align=&#8221;left&#8221; header_2_font_size=&#8221;40px&#8221; header_2_letter_spacing=&#8221;3px&#8221; header_3_font=&#8221;Cinzel||||||||&#8221; header_3_text_color=&#8221;#000000&#8243; header_4_font=&#8221;EB Garamond||on||||||&#8221; header_4_text_color=&#8221;#c4a249&#8243; hover_enabled=&#8221;0&#8243; header_2_font_size_tablet=&#8221;40px&#8221; header_2_font_size_phone=&#8221;28px&#8221; header_2_font_size_last_edited=&#8221;on|phone&#8221; global_colors_info=&#8221;{}&#8221; header_3_text_align=&#8221;left&#8221; header_3_font_size=&#8221;19px&#8221; header_3_font_size_tablet=&#8221;40px&#8221; header_3_font_size_phone=&#8221;28px&#8221; header_3_font_size_last_edited=&#8221;on|phone&#8221; header_3_letter_spacing=&#8221;3px&#8221; header_2_text_color=&#8221;#000000&#8243; link_text_color=&#8221;#C4A249&#8243; link_font=&#8221;||||on||||&#8221; sticky_enabled=&#8221;0&#8243;]<\/p>\n<h3>You don&#8217;t know how to reach us and need a means of transportation?<\/h3>\n<p><span>Vecchia Cantina di Montepulciano collaborates with SRC Rent Car company that allows you to travel with the car of your choice, unlimited mileage and 24-hour Roadside Assistance.<\/span><\/p>\n<p><span>Go to\u00a0<\/span><a href=\"https:\/\/www.sicilyrentcar.it\/en\/agreement-vecchia-cantina-montepulciano\/\" target=\"_blank\" data-saferedirecturl=\"https:\/\/www.google.com\/url?q=https:\/\/www.sicilyrentcar.it\/en\/agreement-vecchia-cantina-montepulciano\/&amp;source=gmail&amp;ust=1743588462915000&amp;usg=AOvVaw2U6ltt_T58og401WjbK4E0\" rel=\"noopener\"><span>https:\/\/www.sicilyrentcar.it\/<wbr \/>en\/agreement-vecchia-cantina-<wbr \/>montepulciano\/<\/span><\/a><span>\u00a0and book your car to come visit us<\/span><\/p>\n<p>[\/et_pb_text][\/et_pb_column][et_pb_column type=&#8221;1_3&#8243; _builder_version=&#8221;4.27.4&#8243; _module_preset=&#8221;default&#8221; custom_css_main_element=&#8221;margin:auto;&#8221; global_colors_info=&#8221;{}&#8221;][et_pb_image src=&#8221;https:\/\/vecchiacantinadimontepulciano.com\/wp-content\/uploads\/2025\/04\/logo-1.jpg&#8221; _builder_version=&#8221;4.27.4&#8243; _module_preset=&#8221;default&#8221; title_text=&#8221;logo (1)&#8221; url=&#8221; https:\/\/www.sicilyrentcar.it\/convenzione-vecchia-cantina-montepulciano\/&#8221; hover_enabled=&#8221;0&#8243; sticky_enabled=&#8221;0&#8243; url_new_window=&#8221;on&#8221;][\/et_pb_image][\/et_pb_column][\/et_pb_row][\/et_pb_section]<\/p>\n","protected":false},"excerpt":{"rendered":"<p>ONDE ESTAMOS A Vecchia Cantina di Montepulciano est\u00e1 situada entre as vinhas de Sangiovese. Facilmente acess\u00edvel de carro e a 2 km das portas do centro hist\u00f3rico da cidade. Montepulciano | Sede | Loja de vinhos Via Provinciale, 7 Tel. 0578 716092 Segunda-feira a domingo 9:30 &#8211; 18:30Encerrado: 25, 26 de dezembro, 1 de janeiro Sinalunga (SI) | Wine Shop Via Sacco, 1 Tel. 0577 636195 Segunda-feira a s\u00e1bado 8.30 &#8211; 12.30 | 15.00 &#8211; 19.00Encerrado: Domingo, 25, 26 de dezembro, 1 de janeiroYou don&#8217;t know how to reach us and need a means of transportation? Vecchia Cantina di Montepulciano collaborates with SRC Rent Car company that allows you to travel with the car of your choice, unlimited mileage and 24-hour Roadside Assistance. Go to\u00a0https:\/\/www.sicilyrentcar.it\/en\/agreement-vecchia-cantina-montepulciano\/\u00a0and book your car to come visit us<\/p>\n","protected":false},"author":1,"featured_media":0,"parent":0,"menu_order":0,"comment_status":"closed","ping_status":"closed","template":"","meta":{"_et_pb_use_builder":"on","_et_pb_old_content":"","_et_gb_content_width":"","footnotes":""},"class_list":["post-1107","page","type-page","status-publish","hentry"],"_links":{"self":[{"href":"https:\/\/vecchiacantinadimontepulciano.com\/pt-pt\/wp-json\/wp\/v2\/pages\/1107","targetHints":{"allow":["GET"]}}],"collection":[{"href":"https:\/\/vecchiacantinadimontepulciano.com\/pt-pt\/wp-json\/wp\/v2\/pages"}],"about":[{"href":"https:\/\/vecchiacantinadimontepulciano.com\/pt-pt\/wp-json\/wp\/v2\/types\/page"}],"author":[{"embeddable":true,"href":"https:\/\/vecchiacantinadimontepulciano.com\/pt-pt\/wp-json\/wp\/v2\/users\/1"}],"replies":[{"embeddable":true,"href":"https:\/\/vecchiacantinadimontepulciano.com\/pt-pt\/wp-json\/wp\/v2\/comments?post=1107"}],"version-history":[{"count":3,"href":"https:\/\/vecchiacantinadimontepulciano.com\/pt-pt\/wp-json\/wp\/v2\/pages\/1107\/revisions"}],"predecessor-version":[{"id":1312,"href":"https:\/\/vecchiacantinadimontepulciano.com\/pt-pt\/wp-json\/wp\/v2\/pages\/1107\/revisions\/1312"}],"wp:attachment":[{"href":"https:\/\/vecchiacantinadimontepulciano.com\/pt-pt\/wp-json\/wp\/v2\/media?parent=1107"}],"curies":[{"name":"wp","href":"https:\/\/api.w.org\/{rel}","templated":true}]}}